{"id":171,"date":"2019-08-27T13:39:46","date_gmt":"2019-08-27T13:39:46","guid":{"rendered":"http:\/\/maski.pl\/?post_type=product&#038;p=171"},"modified":"2026-03-02T13:25:18","modified_gmt":"2026-03-02T13:25:18","slug":"chlorek-zlota","status":"publish","type":"product","link":"https:\/\/maski.pl\/?product=chlorek-zlota","title":{"rendered":"Chlorek z\u0142ota"},"content":{"rendered":"<p style=\"margin-bottom: .0001pt\"><b><span style=\"color: black\"><strong>Chlorki Z\u0142ota &#8211;<\/strong><\/span><\/b><strong><span style=\"color: black;font-weight: normal\">0,12g, 0,18g, r\u00f3\u017cni\u0105 si\u0119 ilo\u015bci\u0105 zawartego w nich z\u0142ota. Im z\u0142ota wi\u0119cej w chlorku tym jest on trwalszy, stabilniejszy. Dok\u0142adniej i \u0142atwiej bada si\u0119 nim z\u0142oto.<\/span> <\/strong><\/p>\n<p>Mo\u017cliwo\u015b\u0107 zakupu pojemno\u015bci 5ml i 10ml.<\/p>\n<p>&nbsp;<\/p>\n<p>Karta charakterystyki: <a href=\"http:\/\/maski.pl\/wp-content\/uploads\/2019\/08\/CHLOREK-ZLOTA-0.18g.pdf.pdf\" target=\"_blank\" rel=\"noopener noreferrer\">Chlorek z\u0142ota 0,18 CLP \u00a0 <\/a><a href=\"http:\/\/maski.pl\/wp-content\/uploads\/2019\/08\/Chlorek-zlota-012.pdf\">Chlorek z\u0142ota 0,12<\/a><\/p>\n","protected":false},"excerpt":{"rendered":"<p style=\"margin-bottom: .0001pt\"><b><span style=\"color: black\"><strong>Chlorki Z\u0142ota &#8211;<\/strong><\/span><\/b><strong><span style=\"color: black;font-weight: normal\">0,12g, 0,18g, r\u00f3\u017cni\u0105 si\u0119 ilo\u015bci\u0105 zawartego w nich z\u0142ota. Im z\u0142ota wi\u0119cej w chlorku tym jest on trwalszy, stabilniejszy. Dok\u0142adniej i \u0142atwiej bada si\u0119 nim z\u0142oto.<\/span> <\/strong><\/p>\n<p style=\"margin-bottom: .0001pt\">Mo\u017cliwo\u015b\u0107 zakupu pojemno\u015bci 5ml i 10ml.<\/p>\n","protected":false},"featured_media":32754,"comment_status":"open","ping_status":"closed","template":"","meta":[],"_links":{"self":[{"href":"https:\/\/maski.pl\/index.php?rest_route=\/wp\/v2\/product\/171"}],"collection":[{"href":"https:\/\/maski.pl\/index.php?rest_route=\/wp\/v2\/product"}],"about":[{"href":"https:\/\/maski.pl\/index.php?rest_route=\/wp\/v2\/types\/product"}],"replies":[{"embeddable":true,"href":"https:\/\/maski.pl\/index.php?rest_route=%2Fwp%2Fv2%2Fcomments&post=171"}],"wp:featuredmedia":[{"embeddable":true,"href":"https:\/\/maski.pl\/index.php?rest_route=\/wp\/v2\/media\/32754"}],"wp:attachment":[{"href":"https:\/\/maski.pl\/index.php?rest_route=%2Fwp%2Fv2%2Fmedia&parent=171"}],"curies":[{"name":"wp","href":"https:\/\/api.w.org\/{rel}","templated":true}]}}