{"id":175,"date":"2019-08-27T13:42:31","date_gmt":"2019-08-27T13:42:31","guid":{"rendered":"http:\/\/maski.pl\/?post_type=product&#038;p=175"},"modified":"2026-03-02T13:23:04","modified_gmt":"2026-03-02T13:23:04","slug":"ciecz-chromowa","status":"publish","type":"product","link":"https:\/\/maski.pl\/?product=ciecz-chromowa","title":{"rendered":"Ciecz chromowa"},"content":{"rendered":"<p style=\"margin-bottom: .0001pt\"><strong><span style=\"color: black\">CIECZ CHROMOWA<\/span><\/strong><b><span style=\"color: black\"><br \/>\n<\/span><\/b><strong><span style=\"color: black;font-weight: normal\">S\u0142u\u017cy do badania srebra metod\u0105 &#8222;kroplow\u0105&#8221;.<\/span> <\/strong><\/p>\n<p>&nbsp;<\/p>\n<p>Karta charakterystyki: <a href=\"http:\/\/maski.pl\/wp-content\/uploads\/2019\/08\/CIECZ-CHROMOWA.pdf.pdf\" target=\"_blank\" rel=\"noopener noreferrer\">Ciecz chromowa CLP<\/a><\/p>\n","protected":false},"excerpt":{"rendered":"<p style=\"margin-bottom: .0001pt\"><strong><span style=\"color: black\">CIECZ CHROMOWA<\/span><\/strong><b><span style=\"color: black\"><br \/>\n<\/span><\/b><strong><span style=\"color: black;font-weight: normal\">S\u0142u\u017cy do badania srebra metod\u0105 &#8222;kroplow\u0105&#8221;.<\/span> <\/strong><\/p>\n","protected":false},"featured_media":32753,"comment_status":"open","ping_status":"closed","template":"","meta":[],"_links":{"self":[{"href":"https:\/\/maski.pl\/index.php?rest_route=\/wp\/v2\/product\/175"}],"collection":[{"href":"https:\/\/maski.pl\/index.php?rest_route=\/wp\/v2\/product"}],"about":[{"href":"https:\/\/maski.pl\/index.php?rest_route=\/wp\/v2\/types\/product"}],"replies":[{"embeddable":true,"href":"https:\/\/maski.pl\/index.php?rest_route=%2Fwp%2Fv2%2Fcomments&post=175"}],"wp:featuredmedia":[{"embeddable":true,"href":"https:\/\/maski.pl\/index.php?rest_route=\/wp\/v2\/media\/32753"}],"wp:attachment":[{"href":"https:\/\/maski.pl\/index.php?rest_route=%2Fwp%2Fv2%2Fmedia&parent=175"}],"curies":[{"name":"wp","href":"https:\/\/api.w.org\/{rel}","templated":true}]}}