{"id":176,"date":"2019-08-27T13:43:06","date_gmt":"2019-08-27T13:43:06","guid":{"rendered":"http:\/\/maski.pl\/?post_type=product&#038;p=176"},"modified":"2024-04-15T10:16:58","modified_gmt":"2024-04-15T10:16:58","slug":"fluoren","status":"publish","type":"product","link":"https:\/\/maski.pl\/?product=fluoren","title":{"rendered":"Fluoren"},"content":{"rendered":"<p style=\"margin-bottom: .0001pt\"><strong><span style=\"color: black;font-weight: normal\">Lut\u00f3wki i p\u0142yny os\u0142onowe do z\u0142ota, srebra, ich stop\u00f3w i innych miedziowc\u00f3w. Stosowane w pracowniach z\u0142otniczych<\/span> <\/strong><strong><span style=\"color: black;font-weight: normal\">i metaloplastycznych przy lutowaniu. Zabezpieczj\u0105 powierzchnie wyrob\u00f3w (te\u017c naprawianych) przed utlenianiem.<\/span> <\/strong><\/p>\n<p>&nbsp;<\/p>\n<p>Karta charakterystyki: <a href=\"http:\/\/maski.pl\/wp-content\/uploads\/2019\/08\/Fluoren.pdf\" target=\"_blank\" rel=\"noopener noreferrer\">FLUOREN<\/a><\/p>\n","protected":false},"excerpt":{"rendered":"<p style=\"margin-bottom: .0001pt\"><strong><span style=\"color: black;font-weight: normal\">Lut\u00f3wki i p\u0142yny os\u0142onowe do z\u0142ota, srebra, ich stop\u00f3w i innych miedziowc\u00f3w. Stosowane w pracowniach z\u0142otniczych<\/span> <\/strong><strong><span style=\"color: black;font-weight: normal\">i metaloplastycznych przy lutowaniu. Zabezpieczj\u0105 powierzchnie wyrob\u00f3w (te\u017c naprawianych) przed utlenianiem.<\/span> <\/strong><\/p>\n","protected":false},"featured_media":324,"comment_status":"open","ping_status":"closed","template":"","meta":[],"_links":{"self":[{"href":"https:\/\/maski.pl\/index.php?rest_route=\/wp\/v2\/product\/176"}],"collection":[{"href":"https:\/\/maski.pl\/index.php?rest_route=\/wp\/v2\/product"}],"about":[{"href":"https:\/\/maski.pl\/index.php?rest_route=\/wp\/v2\/types\/product"}],"replies":[{"embeddable":true,"href":"https:\/\/maski.pl\/index.php?rest_route=%2Fwp%2Fv2%2Fcomments&post=176"}],"wp:featuredmedia":[{"embeddable":true,"href":"https:\/\/maski.pl\/index.php?rest_route=\/wp\/v2\/media\/324"}],"wp:attachment":[{"href":"https:\/\/maski.pl\/index.php?rest_route=%2Fwp%2Fv2%2Fmedia&parent=176"}],"curies":[{"name":"wp","href":"https:\/\/api.w.org\/{rel}","templated":true}]}}