{"id":342,"date":"2019-10-02T18:24:50","date_gmt":"2019-10-02T18:24:50","guid":{"rendered":"http:\/\/maski.pl\/?post_type=product&#038;p=342"},"modified":"2026-03-02T13:22:36","modified_gmt":"2026-03-02T13:22:36","slug":"ciecze-probiercze","status":"publish","type":"product","link":"https:\/\/maski.pl\/?product=ciecze-probiercze","title":{"rendered":"Ciecze probiercze"},"content":{"rendered":"<p style=\"margin-bottom: .0001pt\"><strong><span style=\"color: black\">Ciecze probiercze<\/span><\/strong><strong><span style=\"color: black;font-weight: normal\">&#8211; firmy &#8222;Maski&#8221; s\u0105 roztworami zwi\u0105zk\u00f3w chemicznych wg \u015bci\u015ble ustalonych norm bran\u017cowych dla najcz\u0119\u015bciej u\u017cywanych w z\u0142otnictwie pr\u00f3b metali szlachetnych. Ciecz probiercza do z\u0142ota dla pr\u00f3b 0,850 &#8211; 1,000 tzw. &#8222;20&#8221;-tka s\u0142u\u017cy r\u00f3wnie\u017c do badania platyny na kamieniu probierczym, a ciecz probiercza dla pr\u00f3b 0,200 &#8211; 0,400 tzw. &#8222;9&#8221;-tka do badania srebra na kamieniu probierczym (przy u\u017cyciu iglic probierczych).<\/span> <\/strong><\/p>\n<p>&nbsp;<\/p>\n<p>Karta charakterystyki:<\/p>\n<p><a href=\"http:\/\/maski.pl\/wp-content\/uploads\/2019\/10\/Ciecz-probiercza-nr-1.pdf\">Ciecz probiercza nr 1<\/a><\/p>\n<p><a href=\"http:\/\/maski.pl\/wp-content\/uploads\/2019\/10\/Ciecz-probiercza-nr-2.pdf\">Ciecz probiercza nr 2<\/a><\/p>\n<p><a href=\"http:\/\/maski.pl\/wp-content\/uploads\/2019\/10\/Ciecz-probiercza-nr-3.pdf\">Ciecz probiercza nr 3<\/a><\/p>\n<p><a href=\"http:\/\/maski.pl\/wp-content\/uploads\/2019\/10\/Ciecz-probiercza-nr-4.pdf\">Ciecz probiercza nr 4<\/a><\/p>\n<p><a href=\"http:\/\/maski.pl\/wp-content\/uploads\/2019\/10\/Ciecz-probiercza-nr-5.pdf\">Ciecz probiercza nr 5<\/a><\/p>\n<p><a href=\"http:\/\/maski.pl\/wp-content\/uploads\/2019\/08\/Ciecz-probiercza-nr-6.pdf\">Ciecz probiercza nr 6<\/a><\/p>\n","protected":false},"excerpt":{"rendered":"<p style=\"margin-bottom: .0001pt\"><strong><span style=\"color: black\">Ciecze probiercze<\/span><\/strong><strong><span style=\"color: black;font-weight: normal\">&#8211; firmy &#8222;Maski&#8221; s\u0105 roztworami zwi\u0105zk\u00f3w chemicznych wg \u015bci\u015ble ustalonych norm bran\u017cowych dla najcz\u0119\u015bciej u\u017cywanych w z\u0142otnictwie pr\u00f3b metali szlachetnych. Ciecz probiercza do z\u0142ota dla pr\u00f3b 0,850 &#8211; 1,000 tzw. &#8222;20&#8221;-tka s\u0142u\u017cy r\u00f3wnie\u017c do badania platyny na kamieniu probierczym, a ciecz probiercza dla pr\u00f3b 0,200 &#8211; 0,400 tzw. &#8222;9&#8221;-tka do badania srebra na kamieniu probierczym (przy u\u017cyciu iglic probierczych).<\/span> <\/strong><\/p>\n","protected":false},"featured_media":306,"comment_status":"open","ping_status":"closed","template":"","meta":[],"_links":{"self":[{"href":"https:\/\/maski.pl\/index.php?rest_route=\/wp\/v2\/product\/342"}],"collection":[{"href":"https:\/\/maski.pl\/index.php?rest_route=\/wp\/v2\/product"}],"about":[{"href":"https:\/\/maski.pl\/index.php?rest_route=\/wp\/v2\/types\/product"}],"replies":[{"embeddable":true,"href":"https:\/\/maski.pl\/index.php?rest_route=%2Fwp%2Fv2%2Fcomments&post=342"}],"wp:featuredmedia":[{"embeddable":true,"href":"https:\/\/maski.pl\/index.php?rest_route=\/wp\/v2\/media\/306"}],"wp:attachment":[{"href":"https:\/\/maski.pl\/index.php?rest_route=%2Fwp%2Fv2%2Fmedia&parent=342"}],"curies":[{"name":"wp","href":"https:\/\/api.w.org\/{rel}","templated":true}]}}